{"id":20,"date":"2020-10-06T15:28:35","date_gmt":"2020-10-06T15:28:35","guid":{"rendered":"https:\/\/v3.makassar.de\/de\/?page_id=20"},"modified":"2022-12-22T21:41:12","modified_gmt":"2022-12-22T21:41:12","slug":"impressum","status":"publish","type":"page","link":"https:\/\/www.makassar.de\/de\/impressum\/","title":{"rendered":"Impressum"},"content":{"rendered":"<div  class=\"tatsu-LDBcFSCHY_ tatsu-section  tatsu-bg-overlay   tatsu-clearfix\" data-title=\"\"  data-headerscheme=\"background--dark\"><div class='tatsu-section-pad clearfix' data-padding='{\"d\":\"90px 0px 90px 0px\"}' data-padding-top='90px'><div class=\"tatsu-row-wrap  tatsu-wrap tatsu-row-one-col tatsu-row-has-one-cols tatsu-medium-gutter tatsu-reg-cols  tatsu-clearfix tatsu-G0hXmZ-mcb\" ><div  class=\"tatsu-row \" ><div  class=\"tatsu-column  tatsu-bg-overlay tatsu-one-col tatsu-column-image-none tatsu-column-effect-none  tatsu-ZSWdvKPdi\"  data-parallax-speed=\"0\" style=\"\"><div class=\"tatsu-column-inner \" ><div class=\"tatsu-column-pad-wrap\"><div class=\"tatsu-column-pad\" ><div  class=\"tatsu-module tatsu-inline-text clearfix tatsu-Wx_UrxtDc   \" ><style>.tatsu-Wx_UrxtDc .tatsu-inline-text-inner{width: 100%;text-align: left;}@media only screen and (max-width: 767px) {.tatsu-Wx_UrxtDc .tatsu-inline-text-inner{width: 100%;}}<\/style><div class=\"tatsu-inline-text-inner tatsu-align-center\">\n<h2>IMPRESSUM<\/h2>\n<\/div><\/div><div  class=\"tatsu-module tatsu-text-block-wrap tatsu-w21FKxtIh  \"><div class=\"tatsu-text-inner tatsu-align-center  clearfix\" ><style>.tatsu-w21FKxtIh.tatsu-text-block-wrap .tatsu-text-inner{width: 100%;text-align: left;color: rgba(255,255,255,1) ;}.tatsu-w21FKxtIh .tatsu-text-inner *{color: rgba(255,255,255,1) ;}<\/style>\n<div class=\"ffb-id-21e99478 fg-paragraph ff-richtext text-left fg-text-dark\">\n<h4>Angaben gem\u00e4\u00df \u00a7 5 TMG:<\/h4>\n<p><strong>MAKASSAR<\/strong>\u00a0\u2013 Bar \u2013 Restaurant<br \/>Geyerstr. 52<br \/>80469 M\u00fcnchen<\/p>\n<h4><strong>Kontakt<br \/><\/strong>Telefon: +49 89 776959<br \/>Telefax: +49 89 74665441<br \/>E-Mail:\u00a0<a href=\"mailto:info@makassar.de\">info@makassar.de<\/a><\/h4>\n<p>Gesch\u00e4ftsf\u00fchrer: Roger Baranda, Roland Dimpfl<br \/>Steuernummer: 143\/182 10013<br \/>Gerichtsstand: Amtsgericht M\u00fcnchen<br \/>Handelsregister: HRB98397<\/p>\n<p>Fotos:<br \/>Karin Brunner <a href=\"https:\/\/www.karinbrunner.com\">https:\/\/www.karinbrunner.com<\/a> &amp;<br \/>Julian Rupp https:\/\/www.h29-studio.com\/<br \/>Ewa Wiese https:\/\/clou-media.de\/<\/p>\n<h4 data-fontsize=\"31\" data-lineheight=\"46.5px\">DAS IMPRESSUM GILT AUCH F\u00dcR FOLGENDE ONLINEPR\u00c4SENZEN:<\/h4>\n<\/div>\n<div class=\"ffb-id-21e99478 fg-paragraph ff-richtext text-left fg-text-dark\">\n<p><a href=\"https:\/\/www.facebook.com\/makassar.restaurant\/\">https:\/\/www.facebook.com\/makassar.restaurant<\/a><br \/><a href=\"https:\/\/www.instagram.com\/makassar.munich\">https:\/\/www.instagram.com\/makassar.munich<\/a><\/p>\n<h4 data-fontsize=\"31\" data-lineheight=\"46.5px\">HAFTUNG F\u00dcR INHALTE<\/h4>\n<p>Als Diensteanbieter sind wir gem\u00e4\u00df \u00a7 7 Abs.1 TMG f\u00fcr eigene Inhalte auf diesen Seiten nach den allgemeinen Gesetzen verantwortlich. Nach \u00a7\u00a7 8 bis 10 TMG sind wir als Diensteanbieter jedoch nicht verpflichtet, \u00fcbermittelte oder gespeicherte fremde Informationen zu \u00fcberwachen oder nach Umst\u00e4nden zu forschen, die auf eine rechtswidrige T\u00e4tigkeit hinweisen.<\/p>\n<p>Verpflichtungen zur Entfernung oder Sperrung der Nutzung von Informationen nach den allgemeinen Gesetzen bleiben hiervon unber\u00fchrt. Eine diesbez\u00fcgliche Haftung ist jedoch erst ab dem Zeitpunkt der Kenntnis einer konkreten Rechtsverletzung m\u00f6glich. Bei Bekanntwerden von entsprechenden Rechtsverletzungen werden wir diese Inhalte umgehend entfernen.<\/p>\n<h4 data-fontsize=\"31\" data-lineheight=\"46.5px\">HAFTUNG F\u00dcR LINKS<\/h4>\n<p>Unser Angebot enth\u00e4lt Links zu externen Websites Dritter, auf deren Inhalte wir keinen Einfluss haben. Deshalb k\u00f6nnen wir f\u00fcr diese fremden Inhalte auch keine Gew\u00e4hr \u00fcbernehmen. F\u00fcr die Inhalte der verlinkten Seiten ist stets der jeweilige Anbieter oder Betreiber der Seiten verantwortlich. Die verlinkten Seiten wurden zum Zeitpunkt der Verlinkung auf m\u00f6gliche Rechtsverst\u00f6\u00dfe \u00fcberpr\u00fcft. Rechtswidrige Inhalte waren zum Zeitpunkt der Verlinkung nicht erkennbar.<\/p>\n<p>Eine permanente inhaltliche Kontrolle der verlinkten Seiten ist jedoch ohne konkrete Anhaltspunkte einer Rechtsverletzung nicht zumutbar. Bei Bekanntwerden von Rechtsverletzungen werden wir derartige Links umgehend entfernen.<\/p>\n<h4 data-fontsize=\"31\" data-lineheight=\"46.5px\">URHEBERRECHT<\/h4>\n<p>Die durch die Seitenbetreiber erstellten Inhalte und Werke auf diesen Seiten unterliegen dem deutschen Urheberrecht. Die Vervielf\u00e4ltigung, Bearbeitung, Verbreitung und jede Art der Verwertung au\u00dferhalb der Grenzen des Urheberrechtes bed\u00fcrfen der schriftlichen Zustimmung des jeweiligen Autors bzw. Erstellers. Downloads und Kopien dieser Seite sind nur f\u00fcr den privaten, nicht kommerziellen Gebrauch gestattet.<\/p>\n<p>Soweit die Inhalte auf dieser Seite nicht vom Betreiber erstellt wurden, werden die Urheberrechte Dritter beachtet. Insbesondere werden Inhalte Dritter als solche gekennzeichnet. Sollten Sie trotzdem auf eine Urheberrechtsverletzung aufmerksam werden, bitten wir um einen entsprechenden Hinweis. Bei Bekanntwerden von Rechtsverletzungen werden wir derartige Inhalte umgehend entfernen.<\/p>\n<p><i>Quellverweis:\u00a0<a href=\"https:\/\/www.e-recht24.de\/\">https:\/\/www.e-recht24.de<\/a><\/i><\/p>\n<\/div>\n<\/div><\/div><\/div><\/div><div class = \"tatsu-column-bg-image-wrap\"><div class = \"tatsu-column-bg-image\" ><\/div><\/div><div class=\"tatsu-overlay tatsu-column-overlay tatsu-animate-none\" ><\/div><\/div><style>.tatsu-row > .tatsu-ZSWdvKPdi.tatsu-column{width: 100%;}.tatsu-ZSWdvKPdi.tatsu-column > .tatsu-column-inner > .tatsu-column-overlay{mix-blend-mode: normal;}.tatsu-ZSWdvKPdi > .tatsu-column-inner > .tatsu-top-divider{z-index: 9999;}.tatsu-ZSWdvKPdi > .tatsu-column-inner > .tatsu-bottom-divider{z-index: 9999;}.tatsu-ZSWdvKPdi > .tatsu-column-inner > .tatsu-left-divider{z-index: 9999;}.tatsu-ZSWdvKPdi > .tatsu-column-inner > .tatsu-right-divider{z-index: 9999;}@media only screen and (max-width:1377px) {.tatsu-row > .tatsu-ZSWdvKPdi.tatsu-column{width: 100%;}}@media only screen and (min-width:768px) and (max-width: 1024px) {.tatsu-row > .tatsu-ZSWdvKPdi.tatsu-column{width: 100%;}}@media only screen and (max-width: 767px) {.tatsu-row > .tatsu-ZSWdvKPdi.tatsu-column{width: 100%;}}<\/style><\/div><\/div><\/div><\/div><div class=\"tatsu-section-background-wrap\"><div class = \"tatsu-section-background\" ><\/div><\/div><div class=\"tatsu-overlay tatsu-section-overlay\"><\/div><style>.tatsu-LDBcFSCHY_.tatsu-section{background-color: rgba(26,8,0,1);}.tatsu-LDBcFSCHY_ .tatsu-section-pad{padding: 90px 0px 90px 0px;}.tatsu-LDBcFSCHY_ .tatsu-section-offset-wrap{transform: translateY(-0px);}.tatsu-LDBcFSCHY_ > .tatsu-bottom-divider{z-index: 9999;}.tatsu-LDBcFSCHY_ > .tatsu-top-divider{z-index: 9999;}.tatsu-LDBcFSCHY_ .tatsu-section-overlay{mix-blend-mode: normal;}<\/style><\/div>\n","protected":false},"excerpt":{"rendered":"<p><a href=\"https:\/\/www.makassar.de\/de\/impressum\/\" class=\"more-link style1-button\">Weiterlesen<\/a><\/p>","protected":false},"author":2,"featured_media":0,"parent":0,"menu_order":0,"comment_status":"closed","ping_status":"closed","template":"","meta":{"inline_featured_image":false,"footnotes":""},"class_list":["post-20","page","type-page","status-publish","hentry"],"yoast_head":"<!-- This site is optimized with the Yoast SEO plugin v26.0 - https:\/\/yoast.com\/wordpress\/plugins\/seo\/ -->\n<title>MAKASSAR | Impressum<\/title>\n<meta name=\"robots\" content=\"noindex, follow, max-snippet:-1, max-image-preview:large, max-video-preview:-1\" \/>\n<meta property=\"og:locale\" content=\"de_DE\" \/>\n<meta property=\"og:type\" content=\"article\" \/>\n<meta property=\"og:title\" content=\"MAKASSAR | Impressum\" \/>\n<meta property=\"og:url\" content=\"https:\/\/www.makassar.de\/de\/impressum\/\" \/>\n<meta property=\"og:site_name\" content=\"Makassar\" \/>\n<meta property=\"article:modified_time\" content=\"2022-12-22T21:41:12+00:00\" \/>\n<meta name=\"twitter:card\" content=\"summary_large_image\" \/>\n<meta name=\"twitter:label1\" content=\"Gesch\u00e4tzte Lesezeit\" \/>\n\t<meta name=\"twitter:data1\" content=\"5\u00a0Minuten\" \/>\n<script type=\"application\/ld+json\" class=\"yoast-schema-graph\">{\"@context\":\"https:\/\/schema.org\",\"@graph\":[{\"@type\":\"WebPage\",\"@id\":\"https:\/\/www.makassar.de\/de\/impressum\/\",\"url\":\"https:\/\/www.makassar.de\/de\/impressum\/\",\"name\":\"MAKASSAR | Impressum\",\"isPartOf\":{\"@id\":\"https:\/\/www.makassar.de\/de\/#website\"},\"datePublished\":\"2020-10-06T15:28:35+00:00\",\"dateModified\":\"2022-12-22T21:41:12+00:00\",\"breadcrumb\":{\"@id\":\"https:\/\/www.makassar.de\/de\/impressum\/#breadcrumb\"},\"inLanguage\":\"de\",\"potentialAction\":[{\"@type\":\"ReadAction\",\"target\":[\"https:\/\/www.makassar.de\/de\/impressum\/\"]}]},{\"@type\":\"BreadcrumbList\",\"@id\":\"https:\/\/www.makassar.de\/de\/impressum\/#breadcrumb\",\"itemListElement\":[{\"@type\":\"ListItem\",\"position\":1,\"name\":\"Startseite\",\"item\":\"https:\/\/www.makassar.de\/de\/\"},{\"@type\":\"ListItem\",\"position\":2,\"name\":\"Impressum\"}]},{\"@type\":\"WebSite\",\"@id\":\"https:\/\/www.makassar.de\/de\/#website\",\"url\":\"https:\/\/www.makassar.de\/de\/\",\"name\":\"Makassar\",\"description\":\"\",\"potentialAction\":[{\"@type\":\"SearchAction\",\"target\":{\"@type\":\"EntryPoint\",\"urlTemplate\":\"https:\/\/www.makassar.de\/de\/?s={search_term_string}\"},\"query-input\":{\"@type\":\"PropertyValueSpecification\",\"valueRequired\":true,\"valueName\":\"search_term_string\"}}],\"inLanguage\":\"de\"}]}<\/script>\n<!-- \/ Yoast SEO plugin. -->","yoast_head_json":{"title":"MAKASSAR | Impressum","robots":{"index":"noindex","follow":"follow","max-snippet":"max-snippet:-1","max-image-preview":"max-image-preview:large","max-video-preview":"max-video-preview:-1"},"og_locale":"de_DE","og_type":"article","og_title":"MAKASSAR | Impressum","og_url":"https:\/\/www.makassar.de\/de\/impressum\/","og_site_name":"Makassar","article_modified_time":"2022-12-22T21:41:12+00:00","twitter_card":"summary_large_image","twitter_misc":{"Gesch\u00e4tzte Lesezeit":"5\u00a0Minuten"},"schema":{"@context":"https:\/\/schema.org","@graph":[{"@type":"WebPage","@id":"https:\/\/www.makassar.de\/de\/impressum\/","url":"https:\/\/www.makassar.de\/de\/impressum\/","name":"MAKASSAR | Impressum","isPartOf":{"@id":"https:\/\/www.makassar.de\/de\/#website"},"datePublished":"2020-10-06T15:28:35+00:00","dateModified":"2022-12-22T21:41:12+00:00","breadcrumb":{"@id":"https:\/\/www.makassar.de\/de\/impressum\/#breadcrumb"},"inLanguage":"de","potentialAction":[{"@type":"ReadAction","target":["https:\/\/www.makassar.de\/de\/impressum\/"]}]},{"@type":"BreadcrumbList","@id":"https:\/\/www.makassar.de\/de\/impressum\/#breadcrumb","itemListElement":[{"@type":"ListItem","position":1,"name":"Startseite","item":"https:\/\/www.makassar.de\/de\/"},{"@type":"ListItem","position":2,"name":"Impressum"}]},{"@type":"WebSite","@id":"https:\/\/www.makassar.de\/de\/#website","url":"https:\/\/www.makassar.de\/de\/","name":"Makassar","description":"","potentialAction":[{"@type":"SearchAction","target":{"@type":"EntryPoint","urlTemplate":"https:\/\/www.makassar.de\/de\/?s={search_term_string}"},"query-input":{"@type":"PropertyValueSpecification","valueRequired":true,"valueName":"search_term_string"}}],"inLanguage":"de"}]}},"_links":{"self":[{"href":"https:\/\/www.makassar.de\/de\/wp-json\/wp\/v2\/pages\/20","targetHints":{"allow":["GET"]}}],"collection":[{"href":"https:\/\/www.makassar.de\/de\/wp-json\/wp\/v2\/pages"}],"about":[{"href":"https:\/\/www.makassar.de\/de\/wp-json\/wp\/v2\/types\/page"}],"author":[{"embeddable":true,"href":"https:\/\/www.makassar.de\/de\/wp-json\/wp\/v2\/users\/2"}],"replies":[{"embeddable":true,"href":"https:\/\/www.makassar.de\/de\/wp-json\/wp\/v2\/comments?post=20"}],"version-history":[{"count":9,"href":"https:\/\/www.makassar.de\/de\/wp-json\/wp\/v2\/pages\/20\/revisions"}],"predecessor-version":[{"id":356,"href":"https:\/\/www.makassar.de\/de\/wp-json\/wp\/v2\/pages\/20\/revisions\/356"}],"wp:attachment":[{"href":"https:\/\/www.makassar.de\/de\/wp-json\/wp\/v2\/media?parent=20"}],"curies":[{"name":"wp","href":"https:\/\/api.w.org\/{rel}","templated":true}]}}