{"id":15,"date":"2020-10-06T15:26:45","date_gmt":"2020-10-06T15:26:45","guid":{"rendered":"https:\/\/v3.makassar.de\/de\/?page_id=15"},"modified":"2025-10-05T12:07:52","modified_gmt":"2025-10-05T12:07:52","slug":"makassar-2","status":"publish","type":"page","link":"https:\/\/www.makassar.de\/de\/","title":{"rendered":"Makassar"},"content":{"rendered":"<div id=\"speisekarte\" class=\"tatsu-Skx2aQwL6 tatsu-section  tatsu-bg-overlay   tatsu-clearfix\" data-title=\"Speisekarte\"  data-headerscheme=\"background--dark\"><div class='tatsu-section-pad clearfix' data-padding='{\"d\":\"90px 0px 90px 0px\",\"m\":\"18px 0px 50px 0px\"}' data-padding-top='18px'><div class=\"tatsu-row-wrap  tatsu-wrap tatsu-row-one-col tatsu-row-has-one-cols tatsu-zero-margin tatsu-medium-gutter tatsu-reg-cols  tatsu-clearfix tatsu-BJexh6XD8a\" ><div  class=\"tatsu-row \" ><div  class=\"tatsu-column  tatsu-bg-overlay tatsu-one-col tatsu-column-image-none tatsu-column-effect-none  tatsu-rkZxhaQPL6\"  data-parallax-speed=\"0\" style=\"\"><div class=\"tatsu-column-inner \" ><div class=\"tatsu-column-pad-wrap\"><div class=\"tatsu-column-pad\" ><div  class=\"tatsu-module tatsu-animated-heading-wrap anime_zoom_enter  tatsu-ryMxn6Xv8a   \"  data-anime-type=\"anime_zoom_enter\" data-anime-duration=\"20\" ><h3 class=\"tatsu-animated-heading-inner\">Speisekarte | Menu<\/h3><style>.tatsu-ryMxn6Xv8a.tatsu-animated-heading-wrap{text-align: center;}.tatsu-ryMxn6Xv8a .tatsu-animated-heading-inner{color: rgba(252,220,169,1) ;}.tatsu-ryMxn6Xv8a .tatsu-animated-heading-line{background: rgba(132,117,78,1);}<\/style><\/div><div  class=\"tatsu-module tatsu-normal-button tatsu-button-wrap align-block block-center  tatsu-Sk8enpQvLT   \"><a class=\"tatsu-shortcode mediumbtn tatsu-button left-icon    bg-animation-none  \" href=\"https:\/\/www.makassar.de\/de\/wp-content\/uploads\/2025\/10\/Makassar-Speisekarte-Web-10_25.pdf\" style= \"\"  aria-label=\"Speiskarte Download\" data-gdpr-atts={} target=\"_blank\"><i class=\"tatsu-icon fa fa-cutlery\"><\/i>Speiskarte Download<\/a><style>.tatsu-Sk8enpQvLT .tatsu-button{background-color: rgba(132,117,78,1);color: #ffffff ;}.tatsu-Sk8enpQvLT .tatsu-button:hover{background-color: rgba(26,8,0,1);color: #ffffff ;}<\/style><\/div><div  class=\"tatsu-empty-space  tatsu-SySM50-gR  \" ><style>.tatsu-SySM50-gR.tatsu-empty-space{height: 30px;}<\/style><\/div><\/div><\/div><div class = \"tatsu-column-bg-image-wrap\"><div class = \"tatsu-column-bg-image\" ><\/div><\/div><div class=\"tatsu-overlay tatsu-column-overlay tatsu-animate-none\" ><\/div><\/div><style>.tatsu-row > .tatsu-rkZxhaQPL6.tatsu-column{width: 100%;}.tatsu-rkZxhaQPL6.tatsu-column > .tatsu-column-inner > .tatsu-column-overlay{mix-blend-mode: normal;}.tatsu-rkZxhaQPL6 > .tatsu-column-inner > .tatsu-top-divider{z-index: 9999;}.tatsu-rkZxhaQPL6 > .tatsu-column-inner > .tatsu-bottom-divider{z-index: 9999;}.tatsu-rkZxhaQPL6 > .tatsu-column-inner > .tatsu-left-divider{z-index: 9999;}.tatsu-rkZxhaQPL6 > .tatsu-column-inner > .tatsu-right-divider{z-index: 9999;}@media only screen and (max-width:1377px) {.tatsu-row > .tatsu-rkZxhaQPL6.tatsu-column{width: 100%;}}@media only screen and (min-width:768px) and (max-width: 1024px) {.tatsu-row > .tatsu-rkZxhaQPL6.tatsu-column{width: 100%;}}@media only screen and (max-width: 767px) {.tatsu-row > .tatsu-rkZxhaQPL6.tatsu-column{width: 100%;}}<\/style><\/div><\/div><\/div><div class=\"tatsu-row-wrap  tatsu-wrap tatsu-row-one-col tatsu-row-has-one-cols tatsu-medium-gutter tatsu-reg-cols  tatsu-clearfix tatsu-Hk7g2TmvUa\" ><div  class=\"tatsu-row \" ><div  class=\"tatsu-column  tatsu-bg-overlay tatsu-one-col tatsu-column-image-none tatsu-column-effect-none  tatsu-SJVlnpmDL6\"  data-parallax-speed=\"0\" style=\"\"><div class=\"tatsu-column-inner \" ><div class=\"tatsu-column-pad-wrap\"><div class=\"tatsu-column-pad\" ><div  class=\"tatsu-single-image tatsu-module tatsu-image-lazyload tatsu-SJ_UkygTgl  \" ><div class=\"tatsu-single-image-inner \" style=\"width : 2481px;\" ><div class = \"tatsu-single-image-padding-wrap\" style = \"padding-bottom : 70.697299476018%;\" ><\/div><img class = \"tatsu-gradient-border\" alt = \"\" title = \"Makassar Speisekarte Web 10_25_002\" data-src = \"https:\/\/www.makassar.de\/de\/wp-content\/uploads\/2025\/10\/Makassar-Speisekarte-Web-10_25_002.jpg\" src =\"data:image\/png;base64,iVBORw0KGgoAAAANSUhEUgAAAAEAAAABCAQAAAC1HAwCAAAAC0lEQVR42mNkYAAAAAYAAjCB0C8AAAAASUVORK5CYII=\"  \/><\/div><style>.tatsu-SJ_UkygTgl .tatsu-single-image-inner{border-style: solid;max-width: 100%;}.tatsu-SJ_UkygTgl.tatsu-single-image{transform: translate3d(0px,0px, 0);}<\/style><\/div><\/div><\/div><div class = \"tatsu-column-bg-image-wrap\"><div class = \"tatsu-column-bg-image\" ><\/div><\/div><div class=\"tatsu-overlay tatsu-column-overlay tatsu-animate-none\" ><\/div><\/div><style>.tatsu-row > .tatsu-SJVlnpmDL6.tatsu-column{width: 100%;}.tatsu-SJVlnpmDL6.tatsu-column > .tatsu-column-inner > .tatsu-column-overlay{mix-blend-mode: normal;}.tatsu-SJVlnpmDL6 > .tatsu-column-inner > .tatsu-top-divider{z-index: 9999;}.tatsu-SJVlnpmDL6 > .tatsu-column-inner > .tatsu-bottom-divider{z-index: 9999;}.tatsu-SJVlnpmDL6 > .tatsu-column-inner > .tatsu-left-divider{z-index: 9999;}.tatsu-SJVlnpmDL6 > .tatsu-column-inner > .tatsu-right-divider{z-index: 9999;}@media only screen and (max-width:1377px) {.tatsu-row > .tatsu-SJVlnpmDL6.tatsu-column{width: 100%;}}@media only screen and (min-width:768px) and (max-width: 1024px) {.tatsu-row > .tatsu-SJVlnpmDL6.tatsu-column{width: 100%;}}@media only screen and (max-width: 767px) {.tatsu-row > .tatsu-SJVlnpmDL6.tatsu-column{width: 100%;}}<\/style><\/div><\/div><\/div><\/div><div class=\"tatsu-section-background-wrap\"><div class = \"tatsu-section-background\" ><\/div><\/div><div class=\"tatsu-overlay tatsu-section-overlay\"><\/div><style>.tatsu-Skx2aQwL6.tatsu-section{background-color: rgba(132,117,78,1);}.tatsu-Skx2aQwL6 .tatsu-section-background{background-image: url(https:\/\/www.makassar.de\/de\/wp-content\/uploads\/2020\/10\/Makassar_64A4742_2200x850_KarinBrunner.jpg);background-repeat: no-repeat;background-attachment: fixed;background-position: center center;background-size: cover;}.tatsu-Skx2aQwL6 .tatsu-bg-blur{background-repeat: no-repeat;background-attachment: fixed;background-position: center center;background-size: cover;}.tatsu-Skx2aQwL6 .tatsu-section-pad{padding: 90px 0px 90px 0px;}.tatsu-Skx2aQwL6 .tatsu-section-offset-wrap{transform: translateY(-0px);}.tatsu-Skx2aQwL6 > .tatsu-bottom-divider{z-index: 9999;}.tatsu-Skx2aQwL6 > .tatsu-top-divider{z-index: 9999;}.tatsu-Skx2aQwL6 .tatsu-section-overlay{mix-blend-mode: normal;}@media only screen and (max-width: 767px) {.tatsu-Skx2aQwL6 .tatsu-section-pad{padding: 18px 0px 50px 0px;}}<\/style><\/div><div id=\"contact\" class=\"tatsu-RjB9CiYY22 tatsu-section  tatsu-bg-overlay   tatsu-clearfix\" data-title=\"Kontakt\"  data-headerscheme=\"background--dark\"><div class='tatsu-section-pad clearfix' data-padding='{\"d\":\"43px 0px 0px 0px\",\"l\":\"0px 0px 0px 0px\"}' data-padding-top='43px'><div class=\"tatsu-row-wrap  tatsu-row-full-width tatsu-row-has-one-half tatsu-row-has-two-cols tatsu-zero-margin tatsu-no-gutter tatsu-eq-cols  tatsu-clearfix tatsu-lS1gSGSWmf\" ><div  class=\"tatsu-row \" ><div id=\"contact\" class=\"tatsu-column  tatsu-bg-overlay tatsu-one-half tatsu-column-align-middle tatsu-column-image-none tatsu-column-effect-none  tatsu-svk7VDmpj\"  data-parallax-speed=\"0\" style=\"\"><div class=\"tatsu-column-inner \" ><div class=\"tatsu-column-pad-wrap\"><div class=\"tatsu-column-pad\" ><div  class=\"tatsu-empty-space  tatsu-HyMIZmMFj  \" ><style>.tatsu-HyMIZmMFj.tatsu-empty-space{height: 30px;}<\/style><\/div><div  class=\"tatsu-module tatsu-text-block-wrap tatsu-DXoYoFO7m  \"><div class=\"tatsu-text-inner tatsu-align-center  clearfix\" ><style>.tatsu-DXoYoFO7m.tatsu-text-block-wrap .tatsu-text-inner{width: 90%;text-align: center;color: #ffffff ;}.tatsu-DXoYoFO7m.tatsu-text-block-wrap{margin: 0px 0px 0px 0px;}.tatsu-DXoYoFO7m .tatsu-text-inner *{color: #ffffff ;}.tatsu-DXoYoFO7m.tatsu-text-block-wrap .tatsu-text-inner *{font-family : \"Montserrat\",-apple-system,BlinkMacSystemFont,'Segoe UI',Roboto,Oxygen-Sans,Ubuntu,Cantarell,'Helvetica Neue',sans-serif;font-weight : 400;text-transform : none;font-size : 18px;}@media only screen and (max-width:1377px) {.tatsu-DXoYoFO7m.tatsu-text-block-wrap .tatsu-text-inner{width: 70%;}}@media only screen and (max-width: 767px) {.tatsu-DXoYoFO7m.tatsu-text-block-wrap .tatsu-text-inner{width: 54%;}}<\/style>\n<p><img loading=\"lazy\" decoding=\"async\" class=\"size-full wp-image-7 aligncenter\" src=\"https:\/\/www.makassar.de\/de\/wp-content\/uploads\/2020\/10\/makassar_white.png\" alt=\"\" width=\"250\" height=\"50\" srcset=\"https:\/\/www.makassar.de\/de\/wp-content\/uploads\/2020\/10\/makassar_white.png 250w, https:\/\/www.makassar.de\/de\/wp-content\/uploads\/2020\/10\/makassar_white-50x10.png 50w\" sizes=\"auto, (max-width: 250px) 100vw, 250px\" \/>Geyerstrasse 52<br \/>80469 M\u00fcnchen<br \/>Tel 089 77 69 59<br \/>Fax 089 74 665 441<\/p>\n<p>Dienstag bis Samstag von 18:00 bis 1:00 Uhr ge\u00f6ffnet.<\/p>\n<p>Wir bitten um telefonische Reservierung, da keine Reservierungen per Email m\u00f6glich sind.<\/p>\n<p>Wir akzeptieren keine Kreditkarten.<br \/>Wir bitten um Ihr Verst\u00e4ndnis.<\/p>\n<\/div><\/div><div  class=\"tatsu-module tatsu-icon-group tatsu-pTfuSopHy4  \"  ><style>.tatsu-pTfuSopHy4.tatsu-icon-group{text-align: center;margin: 30px 0px 20px 0px;}<\/style><div  class=\"tatsu-module tatsu-normal-icon tatsu-icon-shortcode align-none tatsu-KjwhaUELO   \"><style>.tatsu-KjwhaUELO .tatsu-icon{color: #ffffff ;}.tatsu-KjwhaUELO .tatsu-icon:hover{color: rgba(255,255,255,1) ;}.tatsu-KjwhaUELO{border-width: 0px 0px 0px 0px;}<\/style><a href=\"https:\/\/www.instagram.com\/makassar.munich\/\"  class=\"tatsu-icon-wrap plain  tatsu-animate    \" data-animation=\"fadeIn\"   aria-label=\"icon-instagram2\" data-gdpr-atts={}   ><i class=\"tatsu-icon tatsu-custom-icon tatsu-custom-icon-class icon-instagram2 small plain\"><\/i><\/a><\/div><div  class=\"tatsu-module tatsu-normal-icon tatsu-icon-shortcode align-none tatsu-Qrd3Uafd3   \"><style>.tatsu-Qrd3Uafd3 .tatsu-icon{color: #ffffff ;}.tatsu-Qrd3Uafd3 .tatsu-icon:hover{color: rgba(255,255,255,1) ;}.tatsu-Qrd3Uafd3{border-width: 0px 0px 0px 0px;}<\/style><a href=\"https:\/\/www.facebook.com\/makassar.restaurant\"  class=\"tatsu-icon-wrap plain  tatsu-animate    \" data-animation=\"fadeIn\"   aria-label=\"icon-facebook4\" data-gdpr-atts={}   ><i class=\"tatsu-icon tatsu-custom-icon tatsu-custom-icon-class icon-facebook4 small plain\"><\/i><\/a><\/div><\/div><\/div><\/div><div class = \"tatsu-column-bg-image-wrap\"><div class = \"tatsu-column-bg-image\" ><\/div><\/div><div class=\"tatsu-overlay tatsu-column-overlay tatsu-animate-none\" ><\/div><\/div><style>.tatsu-row > .tatsu-svk7VDmpj.tatsu-column{width: 50%;}.tatsu-svk7VDmpj.tatsu-column > .tatsu-column-inner > .tatsu-column-overlay{mix-blend-mode: normal;}.tatsu-svk7VDmpj > .tatsu-column-inner > .tatsu-top-divider{z-index: 9999;}.tatsu-svk7VDmpj > .tatsu-column-inner > .tatsu-bottom-divider{z-index: 9999;}.tatsu-svk7VDmpj > .tatsu-column-inner > .tatsu-left-divider{z-index: 9999;}.tatsu-svk7VDmpj > .tatsu-column-inner > .tatsu-right-divider{z-index: 9999;}@media only screen and (max-width:1377px) {.tatsu-row > .tatsu-svk7VDmpj.tatsu-column{width: 50%;}}@media only screen and (min-width:768px) and (max-width: 1024px) {.tatsu-row > .tatsu-svk7VDmpj.tatsu-column{width: 50%;}}@media only screen and (max-width: 767px) {.tatsu-row > .tatsu-svk7VDmpj.tatsu-column{width: 100%;}}<\/style><\/div><div  class=\"tatsu-column  tatsu-bg-overlay tatsu-one-half tatsu-column-image-none tatsu-column-effect-none  tatsu-S1gc_XGGto\"  data-parallax-speed=\"0\" style=\"\"><div class=\"tatsu-column-inner \" ><div class=\"tatsu-column-pad-wrap\"><div class=\"tatsu-column-pad\" ><div  class=\"tatsu-single-image tatsu-module tatsu-ry20mMzFs  \" ><div class=\"tatsu-single-image-inner \" style=\"width : 2200px;\" ><div class = \"tatsu-single-image-padding-wrap\" style = \"padding-bottom : 38.636363636364%;\" ><\/div><img class = \"tatsu-gradient-border\" alt = \"\" title = \"Makassar_64A4233_2200x850_KarinBrunner\" src = \"https:\/\/www.makassar.de\/de\/wp-content\/uploads\/2020\/10\/Makassar_64A4233_2200x850_KarinBrunner.jpg\" \/><\/div><style>.tatsu-ry20mMzFs .tatsu-single-image-inner{border-style: solid;max-width: 100%;}.tatsu-ry20mMzFs.tatsu-single-image{transform: translate3d(0px,0px, 0);}<\/style><\/div><\/div><\/div><div class = \"tatsu-column-bg-image-wrap\"><div class = \"tatsu-column-bg-image\" ><\/div><\/div><div class=\"tatsu-overlay tatsu-column-overlay tatsu-animate-none\" ><\/div><\/div><style>.tatsu-row > .tatsu-S1gc_XGGto.tatsu-column{width: 50%;}.tatsu-S1gc_XGGto.tatsu-column > .tatsu-column-inner > .tatsu-column-overlay{mix-blend-mode: normal;}.tatsu-S1gc_XGGto > .tatsu-column-inner > .tatsu-top-divider{z-index: 9999;}.tatsu-S1gc_XGGto > .tatsu-column-inner > .tatsu-bottom-divider{z-index: 9999;}.tatsu-S1gc_XGGto > .tatsu-column-inner > .tatsu-left-divider{z-index: 9999;}.tatsu-S1gc_XGGto > .tatsu-column-inner > .tatsu-right-divider{z-index: 9999;}@media only screen and (max-width:1377px) {.tatsu-row > .tatsu-S1gc_XGGto.tatsu-column{width: 50%;}}@media only screen and (min-width:768px) and (max-width: 1024px) {.tatsu-row > .tatsu-S1gc_XGGto.tatsu-column{width: 50%;}}@media only screen and (max-width: 767px) {.tatsu-row > .tatsu-S1gc_XGGto.tatsu-column{width: 100%;}}<\/style><\/div><\/div><\/div><\/div><div class=\"tatsu-section-background-wrap\"><div class = \"tatsu-section-background\" ><\/div><\/div><div class=\"tatsu-overlay tatsu-section-overlay\"><\/div><style>.tatsu-RjB9CiYY22.tatsu-section{background-color: rgba(26,8,0,1);}.tatsu-RjB9CiYY22 .tatsu-section-pad{padding: 43px 0px 0px 0px;}.tatsu-RjB9CiYY22 .tatsu-section-offset-wrap{transform: translateY(-0px);}.tatsu-RjB9CiYY22 > .tatsu-bottom-divider{z-index: 9999;}.tatsu-RjB9CiYY22 > .tatsu-top-divider{z-index: 9999;}.tatsu-RjB9CiYY22 .tatsu-section-overlay{mix-blend-mode: normal;}@media only screen and (max-width:1377px) {.tatsu-RjB9CiYY22 .tatsu-section-pad{padding: 0px 0px 0px 0px;}}<\/style><\/div>\n","protected":false},"excerpt":{"rendered":"<p><a href=\"https:\/\/www.makassar.de\/de\/\" class=\"more-link style1-button\">Weiterlesen<\/a><\/p>","protected":false},"author":2,"featured_media":0,"parent":0,"menu_order":0,"comment_status":"closed","ping_status":"closed","template":"","meta":{"inline_featured_image":false,"footnotes":""},"class_list":["post-15","page","type-page","status-publish","hentry"],"yoast_head":"<!-- This site is optimized with the Yoast SEO plugin v26.0 - https:\/\/yoast.com\/wordpress\/plugins\/seo\/ -->\n<title>MAKASSAR | Restaurant &amp; Bar<\/title>\n<meta name=\"description\" content=\"Das Makassar Restaurant &amp; Bar hat in der Geyerstr. 52 im Dreim\u00fchlenviertel, M\u00fcnchen ab sofort wieder ge\u00f6ffnet. In gem\u00fctlichem S\u00fcdsee Ambiente mit Art Deco Akzenten werden franz\u00f6sisch-kreolische Spezialit\u00e4ten und originelle Cocktails serviert. Roland Dimpfl und Roger Barande sind Ihre Gastgeber.\" \/>\n<meta name=\"robots\" content=\"noindex, follow, max-snippet:-1, max-image-preview:large, max-video-preview:-1\" \/>\n<meta property=\"og:locale\" content=\"de_DE\" \/>\n<meta property=\"og:type\" content=\"article\" \/>\n<meta property=\"og:title\" content=\"MAKASSAR | Restaurant &amp; Bar\" \/>\n<meta property=\"og:description\" content=\"Das Makassar Restaurant &amp; Bar hat in der Geyerstr. 52 im Dreim\u00fchlenviertel, M\u00fcnchen ab sofort wieder ge\u00f6ffnet. In gem\u00fctlichem S\u00fcdsee Ambiente mit Art Deco Akzenten werden franz\u00f6sisch-kreolische Spezialit\u00e4ten und originelle Cocktails serviert. Roland Dimpfl und Roger Barande sind Ihre Gastgeber.\" \/>\n<meta property=\"og:url\" content=\"https:\/\/www.makassar.de\/de\/\" \/>\n<meta property=\"og:site_name\" content=\"Makassar\" \/>\n<meta property=\"article:modified_time\" content=\"2025-10-05T12:07:52+00:00\" \/>\n<meta property=\"og:image\" content=\"https:\/\/www.makassar.de\/de\/wp-content\/uploads\/2020\/10\/makassar_white.png\" \/>\n<meta name=\"twitter:card\" content=\"summary_large_image\" \/>\n<meta name=\"twitter:label1\" content=\"Gesch\u00e4tzte Lesezeit\" \/>\n\t<meta name=\"twitter:data1\" content=\"14\u00a0Minuten\" \/>\n<script type=\"application\/ld+json\" class=\"yoast-schema-graph\">{\"@context\":\"https:\/\/schema.org\",\"@graph\":[{\"@type\":\"WebPage\",\"@id\":\"https:\/\/www.makassar.de\/de\/\",\"url\":\"https:\/\/www.makassar.de\/de\/\",\"name\":\"MAKASSAR | Restaurant & Bar\",\"isPartOf\":{\"@id\":\"https:\/\/www.makassar.de\/de\/#website\"},\"primaryImageOfPage\":{\"@id\":\"https:\/\/www.makassar.de\/de\/#primaryimage\"},\"image\":{\"@id\":\"https:\/\/www.makassar.de\/de\/#primaryimage\"},\"thumbnailUrl\":\"https:\/\/www.makassar.de\/de\/wp-content\/uploads\/2020\/10\/makassar_white.png\",\"datePublished\":\"2020-10-06T15:26:45+00:00\",\"dateModified\":\"2025-10-05T12:07:52+00:00\",\"description\":\"Das Makassar Restaurant & Bar hat in der Geyerstr. 52 im Dreim\u00fchlenviertel, M\u00fcnchen ab sofort wieder ge\u00f6ffnet. In gem\u00fctlichem S\u00fcdsee Ambiente mit Art Deco Akzenten werden franz\u00f6sisch-kreolische Spezialit\u00e4ten und originelle Cocktails serviert. Roland Dimpfl und Roger Barande sind Ihre Gastgeber.\",\"breadcrumb\":{\"@id\":\"https:\/\/www.makassar.de\/de\/#breadcrumb\"},\"inLanguage\":\"de\",\"potentialAction\":[{\"@type\":\"ReadAction\",\"target\":[\"https:\/\/www.makassar.de\/de\/\"]}]},{\"@type\":\"ImageObject\",\"inLanguage\":\"de\",\"@id\":\"https:\/\/www.makassar.de\/de\/#primaryimage\",\"url\":\"https:\/\/www.makassar.de\/de\/wp-content\/uploads\/2020\/10\/makassar_white.png\",\"contentUrl\":\"https:\/\/www.makassar.de\/de\/wp-content\/uploads\/2020\/10\/makassar_white.png\",\"width\":250,\"height\":50},{\"@type\":\"BreadcrumbList\",\"@id\":\"https:\/\/www.makassar.de\/de\/#breadcrumb\",\"itemListElement\":[{\"@type\":\"ListItem\",\"position\":1,\"name\":\"Startseite\",\"item\":\"https:\/\/www.makassar.de\/de\/\"},{\"@type\":\"ListItem\",\"position\":2,\"name\":\"Makassar\"}]},{\"@type\":\"WebSite\",\"@id\":\"https:\/\/www.makassar.de\/de\/#website\",\"url\":\"https:\/\/www.makassar.de\/de\/\",\"name\":\"Makassar\",\"description\":\"\",\"potentialAction\":[{\"@type\":\"SearchAction\",\"target\":{\"@type\":\"EntryPoint\",\"urlTemplate\":\"https:\/\/www.makassar.de\/de\/?s={search_term_string}\"},\"query-input\":{\"@type\":\"PropertyValueSpecification\",\"valueRequired\":true,\"valueName\":\"search_term_string\"}}],\"inLanguage\":\"de\"}]}<\/script>\n<!-- \/ Yoast SEO plugin. -->","yoast_head_json":{"title":"MAKASSAR | Restaurant & Bar","description":"Das Makassar Restaurant & Bar hat in der Geyerstr. 52 im Dreim\u00fchlenviertel, M\u00fcnchen ab sofort wieder ge\u00f6ffnet. In gem\u00fctlichem S\u00fcdsee Ambiente mit Art Deco Akzenten werden franz\u00f6sisch-kreolische Spezialit\u00e4ten und originelle Cocktails serviert. Roland Dimpfl und Roger Barande sind Ihre Gastgeber.","robots":{"index":"noindex","follow":"follow","max-snippet":"max-snippet:-1","max-image-preview":"max-image-preview:large","max-video-preview":"max-video-preview:-1"},"og_locale":"de_DE","og_type":"article","og_title":"MAKASSAR | Restaurant & Bar","og_description":"Das Makassar Restaurant & Bar hat in der Geyerstr. 52 im Dreim\u00fchlenviertel, M\u00fcnchen ab sofort wieder ge\u00f6ffnet. In gem\u00fctlichem S\u00fcdsee Ambiente mit Art Deco Akzenten werden franz\u00f6sisch-kreolische Spezialit\u00e4ten und originelle Cocktails serviert. Roland Dimpfl und Roger Barande sind Ihre Gastgeber.","og_url":"https:\/\/www.makassar.de\/de\/","og_site_name":"Makassar","article_modified_time":"2025-10-05T12:07:52+00:00","og_image":[{"url":"https:\/\/www.makassar.de\/de\/wp-content\/uploads\/2020\/10\/makassar_white.png","type":"","width":"","height":""}],"twitter_card":"summary_large_image","twitter_misc":{"Gesch\u00e4tzte Lesezeit":"14\u00a0Minuten"},"schema":{"@context":"https:\/\/schema.org","@graph":[{"@type":"WebPage","@id":"https:\/\/www.makassar.de\/de\/","url":"https:\/\/www.makassar.de\/de\/","name":"MAKASSAR | Restaurant & Bar","isPartOf":{"@id":"https:\/\/www.makassar.de\/de\/#website"},"primaryImageOfPage":{"@id":"https:\/\/www.makassar.de\/de\/#primaryimage"},"image":{"@id":"https:\/\/www.makassar.de\/de\/#primaryimage"},"thumbnailUrl":"https:\/\/www.makassar.de\/de\/wp-content\/uploads\/2020\/10\/makassar_white.png","datePublished":"2020-10-06T15:26:45+00:00","dateModified":"2025-10-05T12:07:52+00:00","description":"Das Makassar Restaurant & Bar hat in der Geyerstr. 52 im Dreim\u00fchlenviertel, M\u00fcnchen ab sofort wieder ge\u00f6ffnet. In gem\u00fctlichem S\u00fcdsee Ambiente mit Art Deco Akzenten werden franz\u00f6sisch-kreolische Spezialit\u00e4ten und originelle Cocktails serviert. Roland Dimpfl und Roger Barande sind Ihre Gastgeber.","breadcrumb":{"@id":"https:\/\/www.makassar.de\/de\/#breadcrumb"},"inLanguage":"de","potentialAction":[{"@type":"ReadAction","target":["https:\/\/www.makassar.de\/de\/"]}]},{"@type":"ImageObject","inLanguage":"de","@id":"https:\/\/www.makassar.de\/de\/#primaryimage","url":"https:\/\/www.makassar.de\/de\/wp-content\/uploads\/2020\/10\/makassar_white.png","contentUrl":"https:\/\/www.makassar.de\/de\/wp-content\/uploads\/2020\/10\/makassar_white.png","width":250,"height":50},{"@type":"BreadcrumbList","@id":"https:\/\/www.makassar.de\/de\/#breadcrumb","itemListElement":[{"@type":"ListItem","position":1,"name":"Startseite","item":"https:\/\/www.makassar.de\/de\/"},{"@type":"ListItem","position":2,"name":"Makassar"}]},{"@type":"WebSite","@id":"https:\/\/www.makassar.de\/de\/#website","url":"https:\/\/www.makassar.de\/de\/","name":"Makassar","description":"","potentialAction":[{"@type":"SearchAction","target":{"@type":"EntryPoint","urlTemplate":"https:\/\/www.makassar.de\/de\/?s={search_term_string}"},"query-input":{"@type":"PropertyValueSpecification","valueRequired":true,"valueName":"search_term_string"}}],"inLanguage":"de"}]}},"_links":{"self":[{"href":"https:\/\/www.makassar.de\/de\/wp-json\/wp\/v2\/pages\/15","targetHints":{"allow":["GET"]}}],"collection":[{"href":"https:\/\/www.makassar.de\/de\/wp-json\/wp\/v2\/pages"}],"about":[{"href":"https:\/\/www.makassar.de\/de\/wp-json\/wp\/v2\/types\/page"}],"author":[{"embeddable":true,"href":"https:\/\/www.makassar.de\/de\/wp-json\/wp\/v2\/users\/2"}],"replies":[{"embeddable":true,"href":"https:\/\/www.makassar.de\/de\/wp-json\/wp\/v2\/comments?post=15"}],"version-history":[{"count":214,"href":"https:\/\/www.makassar.de\/de\/wp-json\/wp\/v2\/pages\/15\/revisions"}],"predecessor-version":[{"id":419,"href":"https:\/\/www.makassar.de\/de\/wp-json\/wp\/v2\/pages\/15\/revisions\/419"}],"wp:attachment":[{"href":"https:\/\/www.makassar.de\/de\/wp-json\/wp\/v2\/media?parent=15"}],"curies":[{"name":"wp","href":"https:\/\/api.w.org\/{rel}","templated":true}]}}